{"id":1573,"date":"2025-02-25T18:22:16","date_gmt":"2025-02-25T17:22:16","guid":{"rendered":"https:\/\/desarrollo.guiods.com\/?page_id=1573"},"modified":"2025-05-06T19:02:11","modified_gmt":"2025-05-06T17:02:11","slug":"connectify","status":"publish","type":"page","link":"https:\/\/desarrollo.guiods.com\/en\/servicios\/connectify\/","title":{"rendered":"Connectify"},"content":{"rendered":"","protected":false},"excerpt":{"rendered":"","protected":false},"author":1,"featured_media":2764,"parent":599,"menu_order":0,"comment_status":"closed","ping_status":"closed","template":"","meta":{"_acf_changed":false,"_seopress_robots_primary_cat":"","_seopress_titles_title":"","_seopress_titles_desc":"Connectify es la plataforma de gesti\u00f3n de eventos presenciales, virtuales e h\u00edbridos, donde t\u00fa eres quien elige los m\u00f3dulos y servicios ideales para...","_seopress_robots_index":"","_crdt_document":"","content-type":"","footnotes":""},"class_list":["post-1573","page","type-page","status-publish","has-post-thumbnail","hentry"],"acf":[],"_links":{"self":[{"href":"https:\/\/desarrollo.guiods.com\/en\/wp-json\/wp\/v2\/pages\/1573","targetHints":{"allow":["GET"]}}],"collection":[{"href":"https:\/\/desarrollo.guiods.com\/en\/wp-json\/wp\/v2\/pages"}],"about":[{"href":"https:\/\/desarrollo.guiods.com\/en\/wp-json\/wp\/v2\/types\/page"}],"author":[{"embeddable":true,"href":"https:\/\/desarrollo.guiods.com\/en\/wp-json\/wp\/v2\/users\/1"}],"replies":[{"embeddable":true,"href":"https:\/\/desarrollo.guiods.com\/en\/wp-json\/wp\/v2\/comments?post=1573"}],"version-history":[{"count":13,"href":"https:\/\/desarrollo.guiods.com\/en\/wp-json\/wp\/v2\/pages\/1573\/revisions"}],"predecessor-version":[{"id":2765,"href":"https:\/\/desarrollo.guiods.com\/en\/wp-json\/wp\/v2\/pages\/1573\/revisions\/2765"}],"up":[{"embeddable":true,"href":"https:\/\/desarrollo.guiods.com\/en\/wp-json\/wp\/v2\/pages\/599"}],"wp:featuredmedia":[{"embeddable":true,"href":"https:\/\/desarrollo.guiods.com\/en\/wp-json\/wp\/v2\/media\/2764"}],"wp:attachment":[{"href":"https:\/\/desarrollo.guiods.com\/en\/wp-json\/wp\/v2\/media?parent=1573"}],"curies":[{"name":"wp","href":"https:\/\/api.w.org\/{rel}","templated":true}]}}