{"id":2,"date":"2024-04-02T08:12:56","date_gmt":"2024-04-02T06:12:56","guid":{"rendered":"https:\/\/desarrollo.guiods.com\/?page_id=2"},"modified":"2025-05-07T00:02:03","modified_gmt":"2025-05-06T22:02:03","slug":"inicio-2","status":"publish","type":"page","link":"https:\/\/desarrollo.guiods.com\/en\/","title":{"rendered":"Home"},"content":{"rendered":"<h2>\n\t\tProjects\n\t<\/h2>\n\t<p>We transform <strong>project ideas<\/strong> that <strong>connect emotionally with audiences<\/strong> and generate <strong>high impact experiences.<\/strong><\/p>\n\t\t\t\t\t\t<img decoding=\"async\" src=\"https:\/\/desarrollo.guiods.com\/wp-content\/uploads\/logo-esri-1.png\" alt=\"logo esri\" data-no-lazy=\"1\" \/>\t\t\t\t\t\n\t\t\t\t\t\t<img decoding=\"async\" src=\"https:\/\/desarrollo.guiods.com\/wp-content\/uploads\/logo-ecopetrol.png\" alt=\"logo ecopetrol\" data-no-lazy=\"1\" \/>\t\t\t\t\t\n\t\t\t\t\t\t<img decoding=\"async\" src=\"https:\/\/desarrollo.guiods.com\/wp-content\/uploads\/logo-andesco.png\" alt=\"logo andesco\" data-no-lazy=\"1\" \/>\t\t\t\t\t\n\t\t\t\t\t\t<img decoding=\"async\" src=\"https:\/\/desarrollo.guiods.com\/wp-content\/uploads\/logo-andicom-congreso-internacional-de-tic.png\" alt=\"logo andicom congreso internacional de tic\" data-no-lazy=\"1\" \/>\t\t\t\t\t\n\t\t\t\t\t\t<img decoding=\"async\" src=\"https:\/\/desarrollo.guiods.com\/wp-content\/uploads\/logo-colcapital-asociacion-colombiana-de-capital-privado.png\" alt=\"logo colcapital asociaci\u00f3n colombiana de capital privado\" data-no-lazy=\"1\" \/>\t\t\t\t\t\n\t\t\t\t\t\t<img decoding=\"async\" src=\"https:\/\/desarrollo.guiods.com\/wp-content\/uploads\/logo-acipet.png\" alt=\"logo acipet\" data-no-lazy=\"1\" \/>\t\t\t\t\t\n\t\t\t\t\t\t<img decoding=\"async\" src=\"https:\/\/desarrollo.guiods.com\/wp-content\/uploads\/logo-acolgen-1.png\" alt=\"logo acolgen\" data-no-lazy=\"1\" \/>\t\t\t\t\t\n\t\t\t\t\t\t<img decoding=\"async\" src=\"https:\/\/desarrollo.guiods.com\/wp-content\/uploads\/logo-acp-1.png\" alt=\"logo acp\" data-no-lazy=\"1\" \/>\t\t\t\t\t\n\t\t\t\t\t\t<img decoding=\"async\" src=\"https:\/\/desarrollo.guiods.com\/wp-content\/uploads\/logo-asobolsa-asociacion-de-comisionistas-de-bolsa-de-colombia-1.png\" alt=\"logo asobolsa asociaci\u00f3n de comisionistas de bolsa de colombia\" data-no-lazy=\"1\" \/>\t\t\t\t\t\n\t\t\t\t\t\t<img decoding=\"async\" src=\"https:\/\/desarrollo.guiods.com\/wp-content\/uploads\/logo-asocajas-1.png\" alt=\"logo asocajas\" data-no-lazy=\"1\" \/>\t\t\t\t\t\n\t\t\t\t\t\t<img decoding=\"async\" src=\"https:\/\/desarrollo.guiods.com\/wp-content\/uploads\/logo-asofiduciarias.png\" alt=\"logo asofiduciarias\" data-no-lazy=\"1\" \/>\t\t\t\t\t\n\t\t\t\t\t\t<img decoding=\"async\" src=\"https:\/\/desarrollo.guiods.com\/wp-content\/uploads\/logo-bmc-bolsa-mercantil-de-colombia-1.png\" alt=\"logo bmc bolsa mercantil de colombia\" data-no-lazy=\"1\" \/>\t\t\t\t\t\n\t\t\t\t\t\t<img decoding=\"async\" src=\"https:\/\/desarrollo.guiods.com\/wp-content\/uploads\/logo-caf-banco-de-desarrollo-de-america-latina-1.png\" alt=\"logo caf banco de desarrollo de am\u00e9rica latina\" data-no-lazy=\"1\" \/>\t\t\t\t\t\n\t\t\t\t\t\t<img decoding=\"async\" src=\"https:\/\/desarrollo.guiods.com\/wp-content\/uploads\/logo-camara-de-comercio-de-bogota.png\" alt=\"logo c\u00e1mara de comercio de bogot\u00e1\" data-no-lazy=\"1\" \/>\t\t\t\t\t\n\t\t\t\t\t\t<img decoding=\"async\" src=\"https:\/\/desarrollo.guiods.com\/wp-content\/uploads\/logo-campetrol-camara-colombiana-de-petroleo-gas-y-energia.png\" alt=\"logo campetrol c\u00e1mara colombiana de petr\u00f3leo gas y energ\u00eda\" data-no-lazy=\"1\" \/>\t\t\t\t\t\n\t\t\t\t\t\t<img decoding=\"async\" src=\"https:\/\/desarrollo.guiods.com\/wp-content\/uploads\/logo-cintel.png\" alt=\"logo cintel\" data-no-lazy=\"1\" \/>\t\t\t\t\t\n\t\t\t\t\t\t<img decoding=\"async\" src=\"https:\/\/desarrollo.guiods.com\/wp-content\/uploads\/logo-consejo-gremial-nacional.png\" alt=\"logo consejo gremial nacional\" data-no-lazy=\"1\" \/>\t\t\t\t\t\n\t\t\t\t\t\t<img decoding=\"async\" src=\"https:\/\/desarrollo.guiods.com\/wp-content\/uploads\/logo-corferias-bogota-centro-internacional-de-negocios-y-exposiciones.png\" alt=\"logo corferias bogot\u00e1 centro internacional de negocios y exposiciones\" data-no-lazy=\"1\" \/>\t\t\t\t\t\n\t\t\t\t\t\t<img decoding=\"async\" src=\"https:\/\/desarrollo.guiods.com\/wp-content\/uploads\/logo-corfi-colombiana.png\" alt=\"logo corfi colombiana\" data-no-lazy=\"1\" \/>\t\t\t\t\t\n\t\t\t\t\t\t<img decoding=\"async\" src=\"https:\/\/desarrollo.guiods.com\/wp-content\/uploads\/logo-embajada-de-francia-en-bogota.png\" alt=\"logo embajada de francia en bogot\u00e1\" data-no-lazy=\"1\" \/>\t\t\t\t\t\n\t\t\t\t\t\t<img decoding=\"async\" src=\"https:\/\/desarrollo.guiods.com\/wp-content\/uploads\/logo-epc-1.png\" alt=\"logo epc\" data-no-lazy=\"1\" \/>\t\t\t\t\t\n\t\t\t\t\t\t<img decoding=\"async\" src=\"https:\/\/desarrollo.guiods.com\/wp-content\/uploads\/logo-federacion-nacional-de-cafeteros-de-colombia-1.png\" alt=\"logo federaci\u00f3n nacional de cafeteros de colombia\" data-no-lazy=\"1\" \/>\t\t\t\t\t\n\t\t\t\t\t\t<img decoding=\"async\" src=\"https:\/\/desarrollo.guiods.com\/wp-content\/uploads\/logo-fundacion-carolina.png\" alt=\"logo fundaci\u00f3n carolina\" data-no-lazy=\"1\" \/>\t\t\t\t\t\n\t\t\t\t\t\t<img decoding=\"async\" src=\"https:\/\/desarrollo.guiods.com\/wp-content\/uploads\/logo-grupo-cinte.png\" alt=\"logo grupo cinte\" data-no-lazy=\"1\" \/>\t\t\t\t\t\n\t\t\t\t\t\t<img decoding=\"async\" src=\"https:\/\/desarrollo.guiods.com\/wp-content\/uploads\/logo-intelcia.png\" alt=\"logo intelcia\" data-no-lazy=\"1\" \/>\t\t\t\t\t\n\t\t\t\t\t\t<img decoding=\"async\" src=\"https:\/\/desarrollo.guiods.com\/wp-content\/uploads\/logo-its-infocom.png\" alt=\"logo its infocom\" data-no-lazy=\"1\" \/>\t\t\t\t\t\n\t\t\t\t\t\t<img decoding=\"async\" src=\"https:\/\/desarrollo.guiods.com\/wp-content\/uploads\/logo-jimenez-higuita-rodriguez-asociados-1.png\" alt=\"logo jim\u00e9nez higuita rodr\u00edguez &#038; asociados\" data-no-lazy=\"1\" \/>\t\t\t\t\t\n\t\t\t\t\t\t<img decoding=\"async\" src=\"https:\/\/desarrollo.guiods.com\/wp-content\/uploads\/logo-kimberly-clark.png\" alt=\"logo kimberly clark\" data-no-lazy=\"1\" \/>\t\t\t\t\t\n\t\t\t\t\t\t<img decoding=\"async\" src=\"https:\/\/desarrollo.guiods.com\/wp-content\/uploads\/logo-lamitech.png\" alt=\"logo lamitech\" data-no-lazy=\"1\" \/>\t\t\t\t\t\n\t\t\t\t\t\t<img decoding=\"async\" src=\"https:\/\/desarrollo.guiods.com\/wp-content\/uploads\/logo-naturgas-1.png\" alt=\"logo naturgas\" data-no-lazy=\"1\" \/>\t\t\t\t\t\n\t\t\t\t\t\t<img decoding=\"async\" src=\"https:\/\/desarrollo.guiods.com\/wp-content\/uploads\/logo-odinsa.png\" alt=\"logo odinsa\" data-no-lazy=\"1\" \/>\t\t\t\t\t\n\t\t\t\t\t\t<img decoding=\"async\" src=\"https:\/\/desarrollo.guiods.com\/wp-content\/uploads\/logo-optum.png\" alt=\"logo optum\" data-no-lazy=\"1\" \/>\t\t\t\t\t\n\t\t\t\t\t\t<img decoding=\"async\" src=\"https:\/\/desarrollo.guiods.com\/wp-content\/uploads\/logo-pei.png\" alt=\"logo pei\" data-no-lazy=\"1\" \/>\t\t\t\t\t\n\t\t\t\t\t\t<img decoding=\"async\" src=\"https:\/\/desarrollo.guiods.com\/wp-content\/uploads\/logo-primadera.png\" alt=\"logo primadera\" data-no-lazy=\"1\" \/>\t\t\t\t\t\n\t\t\t\t\t\t<img decoding=\"async\" src=\"https:\/\/desarrollo.guiods.com\/wp-content\/uploads\/logo-schwarzkopf-professional.png\" alt=\"logo schwarzkopf professional\" data-no-lazy=\"1\" \/>\t\t\t\t\t\n\t\t\t\t\t\t<img decoding=\"async\" src=\"https:\/\/desarrollo.guiods.com\/wp-content\/uploads\/logo-snp.png\" alt=\"logo snp\" data-no-lazy=\"1\" \/>\t\t\t\t\t\n\t\t\t\t\t\t<img decoding=\"async\" src=\"https:\/\/desarrollo.guiods.com\/wp-content\/uploads\/logo-svxco-1.png\" alt=\"logo svxco\" data-no-lazy=\"1\" \/>\t\t\t\t\t\n\t\t\t\t\t\t<img decoding=\"async\" src=\"https:\/\/desarrollo.guiods.com\/wp-content\/uploads\/logo-swift-1.png\" alt=\"logo swift\" data-no-lazy=\"1\" \/>\t\t\t\t\t\n\t\t\t\t\t\t<img decoding=\"async\" src=\"https:\/\/desarrollo.guiods.com\/wp-content\/uploads\/logo-tenable.png\" alt=\"logo tenable\" data-no-lazy=\"1\" \/>\t\t\t\t\t\n\t\t\t\t\t\t<img decoding=\"async\" src=\"https:\/\/desarrollo.guiods.com\/wp-content\/uploads\/logo-universidad-de-los-andes.png\" alt=\"logo universidad de los andes\" data-no-lazy=\"1\" \/>\t\t\t\t\t\n\t\t\t\t\t\t<img decoding=\"async\" src=\"https:\/\/desarrollo.guiods.com\/wp-content\/uploads\/logo-pontificia-universidad-javeriana-colombia.png\" alt=\"logo pontificia universidad javeriana colombia\" data-no-lazy=\"1\" \/>\t\t\t\t\t\n\t\t\t\t\t\t<img decoding=\"async\" src=\"https:\/\/desarrollo.guiods.com\/wp-content\/uploads\/logo-universidad-del-norte.png\" alt=\"logo universidad del norte\" data-no-lazy=\"1\" \/>\t\t\t\t\t\n\t\t\t\t\t\t<img decoding=\"async\" src=\"https:\/\/desarrollo.guiods.com\/wp-content\/uploads\/logo-universidad-del-rosario.png\" alt=\"logo universidad del rosario\" data-no-lazy=\"1\" \/>\t\t\t\t\t\n\t\t\t\t\t\t<img decoding=\"async\" src=\"https:\/\/desarrollo.guiods.com\/wp-content\/uploads\/logo-vass.png\" alt=\"logo vass\" data-no-lazy=\"1\" \/>\t\t\t\t\t\n\t\t\t\t\t\t<img decoding=\"async\" src=\"https:\/\/desarrollo.guiods.com\/wp-content\/uploads\/logo-veolia-1.png\" alt=\"logo veolia\" data-no-lazy=\"1\" \/>\t\t\t\t\t\n\t\t\t\t\t\t<img decoding=\"async\" src=\"https:\/\/desarrollo.guiods.com\/wp-content\/uploads\/logo-via-sumapaz.png\" alt=\"logo via sumapaz\" data-no-lazy=\"1\" \/>\t\t\t\t\t\n\t\t\t\t\t\t<img decoding=\"async\" src=\"https:\/\/desarrollo.guiods.com\/wp-content\/uploads\/logo-vinci-highways.png\" alt=\"logo vinci highways\" data-no-lazy=\"1\" \/>\t\t\t\t\t\n\t\t\t<button>Next<\/button>\n\t\t<button>Previous<\/button>\n<h2>\n\t\tServices\n\t<\/h2>\n\t<p>We offer a <strong>solutions portfolio<\/strong> designed for <strong>to ensure comprehensive and effective results,<\/strong> adapting to the <strong>specific needs<\/strong> of each project.<\/p>\n<h2>\n\t\tOur Team\n\t<\/h2>\n\t\t\t<img loading=\"lazy\" decoding=\"async\" src=\"https:\/\/desarrollo.guiods.com\/wp-content\/uploads\/nosotros-guio-6.webp\" alt=\"\" data-no-lazy=\"1\" itemprop=\"thumbnail\" width=\"720\" height=\"664\" \/>\n\t\t\t<!-- Overlay Wrapper -->\n\t\t\t\t\t\t\t<strong>David Vargas<\/strong> <br \/>Managing Partner\t\t\t\t\t\t\n\t\t\t <!-- Overlay Wrapper Closed -->\n\t\t\t\t\t\t\t<meta itemprop=\"width\" content=\"720\" \/>\n\t\t\t<meta itemprop=\"height\" content=\"664\" \/>\n\t\t\t<img loading=\"lazy\" decoding=\"async\" src=\"https:\/\/desarrollo.guiods.com\/wp-content\/uploads\/nosotros-guio-5.webp\" alt=\"\" data-no-lazy=\"1\" itemprop=\"thumbnail\" width=\"720\" height=\"664\" \/>\n\t\t\t<!-- Overlay Wrapper -->\n\t\t\t\t\t\t\t<strong>Diego Pardo<\/strong> <br \/>Managing Partner\t\t\t\t\t\t\n\t\t\t <!-- Overlay Wrapper Closed -->\n\t\t\t\t\t\t\t<meta itemprop=\"width\" content=\"720\" \/>\n\t\t\t<meta itemprop=\"height\" content=\"664\" \/>\n\t\t\t<img loading=\"lazy\" decoding=\"async\" src=\"https:\/\/desarrollo.guiods.com\/wp-content\/uploads\/nosotros-guio-8.webp\" alt=\"\" data-no-lazy=\"1\" itemprop=\"thumbnail\" width=\"720\" height=\"664\" \/>\n\t\t\t<!-- Overlay Wrapper -->\n\t\t\t\t\t\t\t<strong>Tatiana Osorio<\/strong> <br \/>Account Director\t\t\t\t\t\t\n\t\t\t <!-- Overlay Wrapper Closed -->\n\t\t\t\t\t\t\t<meta itemprop=\"width\" content=\"720\" \/>\n\t\t\t<meta itemprop=\"height\" content=\"664\" \/>\n\t\t\t<img loading=\"lazy\" decoding=\"async\" src=\"https:\/\/desarrollo.guiods.com\/wp-content\/uploads\/jimmy-ortiz-productor-ejecutivo.png\" alt=\"jimmy ortiz productor ejecutivo\" data-no-lazy=\"1\" itemprop=\"thumbnail\" width=\"1349\" height=\"1244\" \/>\n\t\t\t<!-- Overlay Wrapper -->\n\t\t\t\t\t\t\t<strong>Jimmy Ortiz\n<\/strong><br \/>Executive Producer\t\t\t\t\t\t\n\t\t\t <!-- Overlay Wrapper Closed -->\n\t\t\t\t\t\t\t<meta itemprop=\"width\" content=\"1349\" \/>\n\t\t\t<meta itemprop=\"height\" content=\"1244\" \/>\n\t\t\t<img loading=\"lazy\" decoding=\"async\" src=\"https:\/\/desarrollo.guiods.com\/wp-content\/uploads\/maria-mayorga-directora-administrativa-y-financiera.png\" alt=\"mar\u00eda mayorga directora administrativa y financiera\" data-no-lazy=\"1\" itemprop=\"thumbnail\" width=\"1349\" height=\"1244\" \/>\n\t\t\t<!-- Overlay Wrapper -->\n\t\t\t\t\t\t\t<strong>Maria Mayorga \n<\/strong><br \/>Administrative and Financial Director\t\t\t\t\t\t\n\t\t\t <!-- Overlay Wrapper Closed -->\n\t\t\t\t\t\t\t<meta itemprop=\"width\" content=\"1349\" \/>\n\t\t\t<meta itemprop=\"height\" content=\"1244\" \/>\n\t\t\t<img loading=\"lazy\" decoding=\"async\" src=\"https:\/\/desarrollo.guiods.com\/wp-content\/uploads\/xilef-lopez-ejecutiva-de-cuentas.png\" alt=\"xilef l\u00f3pez ejecutiva de cuentas\" data-no-lazy=\"1\" itemprop=\"thumbnail\" width=\"1349\" height=\"1244\" \/>\n\t\t\t<!-- Overlay Wrapper -->\n\t\t\t\t\t\t\t<strong>Xilef Lopez\n<\/strong><br \/>Account Executive\t\t\t\t\t\t\n\t\t\t <!-- Overlay Wrapper Closed -->\n\t\t\t\t\t\t\t<meta itemprop=\"width\" content=\"1349\" \/>\n\t\t\t<meta itemprop=\"height\" content=\"1244\" \/>\n\t\t\t<img loading=\"lazy\" decoding=\"async\" src=\"https:\/\/desarrollo.guiods.com\/wp-content\/uploads\/yessica-garcia-ejecutiva-de-cuentas.png\" alt=\"yessica garc\u00eda ejecutiva de cuentas\" data-no-lazy=\"1\" itemprop=\"thumbnail\" width=\"2697\" height=\"2487\" \/>\n\t\t\t<!-- Overlay Wrapper -->\n\t\t\t\t\t\t\t<strong>Yessica Garcia\n<\/strong><br \/>Account Executive\t\t\t\t\t\t\n\t\t\t <!-- Overlay Wrapper Closed -->\n\t\t\t\t\t\t\t<meta itemprop=\"width\" content=\"2697\" \/>\n\t\t\t<meta itemprop=\"height\" content=\"2487\" \/>\n\t\t\t<img loading=\"lazy\" decoding=\"async\" src=\"https:\/\/desarrollo.guiods.com\/wp-content\/uploads\/sebastian-garzon-analista-administrativo-y-financiero.png\" alt=\"sebasti\u00e1n garz\u00f3n analista administrativo y financiero\" data-no-lazy=\"1\" itemprop=\"thumbnail\" width=\"1349\" height=\"1244\" \/>\n\t\t\t<!-- Overlay Wrapper -->\n\t\t\t\t\t\t\t<strong>Sebastian Garzon\n<\/strong><br \/>Administrative and Financial Analyst\t\t\t\t\t\t\n\t\t\t <!-- Overlay Wrapper Closed -->\n\t\t\t\t\t\t\t<meta itemprop=\"width\" content=\"1349\" \/>\n\t\t\t<meta itemprop=\"height\" content=\"1244\" \/>\n\t\t\t<img loading=\"lazy\" decoding=\"async\" src=\"https:\/\/desarrollo.guiods.com\/wp-content\/uploads\/claudia-suarez-lider-de-innovacion-y-desarrollo.png\" alt=\"claudia su\u00e1rez l\u00edder de innovaci\u00f3n y desarrollo\" data-no-lazy=\"1\" itemprop=\"thumbnail\" width=\"1349\" height=\"1244\" \/>\n\t\t\t<!-- Overlay Wrapper -->\n\t\t\t\t\t\t\t<strong>Claudia Suar\u00e9z\n<\/strong><br \/>Innovation and Development Leader\t\t\t\t\t\t\n\t\t\t <!-- Overlay Wrapper Closed -->\n\t\t\t\t\t\t\t<meta itemprop=\"width\" content=\"1349\" \/>\n\t\t\t<meta itemprop=\"height\" content=\"1244\" \/>\n\t\t\t<img loading=\"lazy\" decoding=\"async\" src=\"https:\/\/desarrollo.guiods.com\/wp-content\/uploads\/daniel-briceno-lider-creativa.png\" alt=\"daniela brice\u00f1o l\u00edder creativa\" data-no-lazy=\"1\" itemprop=\"thumbnail\" width=\"1349\" height=\"1244\" \/>\n\t\t\t<!-- Overlay Wrapper -->\n\t\t\t\t\t\t\t<strong>Daniela Brice\u00f1o\n<\/strong><br \/>Creative Leader\t\t\t\t\t\t\n\t\t\t <!-- Overlay Wrapper Closed -->\n\t\t\t\t\t\t\t<meta itemprop=\"width\" content=\"1349\" \/>\n\t\t\t<meta itemprop=\"height\" content=\"1244\" \/>\n\t\t\t<img loading=\"lazy\" decoding=\"async\" src=\"https:\/\/desarrollo.guiods.com\/wp-content\/uploads\/nicolas-rojas-disenador-industrial.png\" alt=\"nicol\u00e1s rojas dise\u00f1ador industrial\" data-no-lazy=\"1\" itemprop=\"thumbnail\" width=\"1349\" height=\"1244\" \/>\n\t\t\t<!-- Overlay Wrapper -->\n\t\t\t\t\t\t\t<strong>Nicolas Rojas\n<\/strong><br \/>Industrial Designer\t\t\t\t\t\t\n\t\t\t <!-- Overlay Wrapper Closed -->\n\t\t\t\t\t\t\t<meta itemprop=\"width\" content=\"1349\" \/>\n\t\t\t<meta itemprop=\"height\" content=\"1244\" \/>\n\t\t\t<img loading=\"lazy\" decoding=\"async\" src=\"https:\/\/desarrollo.guiods.com\/wp-content\/uploads\/camila-arrubla-analista-digital.png\" alt=\"camila arrubla analista digital\" data-no-lazy=\"1\" itemprop=\"thumbnail\" width=\"2697\" height=\"2487\" \/>\n\t\t\t<!-- Overlay Wrapper -->\n\t\t\t\t\t\t\t<strong>Camila Arrubla\n<\/strong><br \/>Digital Analyst\t\t\t\t\t\t\n\t\t\t <!-- Overlay Wrapper Closed -->\n\t\t\t\t\t\t\t<meta itemprop=\"width\" content=\"2697\" \/>\n\t\t\t<meta itemprop=\"height\" content=\"2487\" \/>\n\t\t\t<img loading=\"lazy\" decoding=\"async\" src=\"https:\/\/desarrollo.guiods.com\/wp-content\/uploads\/valentina-barwick-disenadora-industrial.png\" alt=\"valentina barwick dise\u00f1adora industrial\" data-no-lazy=\"1\" itemprop=\"thumbnail\" width=\"1349\" height=\"1244\" \/>\n\t\t\t<!-- Overlay Wrapper -->\n\t\t\t\t\t\t\t<strong>Valentina Barwick\n<\/strong><br \/>Industrial Designer\t\t\t\t\t\t\n\t\t\t <!-- Overlay Wrapper Closed -->\n\t\t\t\t\t\t\t<meta itemprop=\"width\" content=\"1349\" \/>\n\t\t\t<meta itemprop=\"height\" content=\"1244\" \/>\n\t<h2>\n\t\tLastest news\n\t<\/h2>\n\t<p>A space for <strong>creative inspiration <\/strong>to raise <strong>the scope of a brand.<\/strong><\/p>\n\t<meta itemscope itemprop=\"mainEntityOfPage\" itemtype=\"https:\/\/schema.org\/WebPage\" itemid=\"http:\/\/446\" content=\"GUIO en el board de MPI Colombia 2025: liderazgo e innovaci\u00f3n\" \/><meta itemprop=\"datePublished\" content=\"2025-03-12\" \/><meta itemprop=\"dateModified\" content=\"2025-05-06\" \/><meta itemprop=\"name\" content=\"Guio\"\/><meta itemprop=\"url\" content=\"https:\/\/desarrollo.guiods.com\/wp-content\/uploads\/logo-guiods-blsnco.png\"\/><meta itemprop=\"url\" content=\"https:\/\/desarrollo.guiods.com\/author\/guio-stagingsites-app\/\" \/><meta itemprop=\"name\" content=\"guio.stagingsites.app\" \/><meta itemprop=\"url\" content=\"https:\/\/desarrollo.guiods.com\/wp-content\/uploads\/guio-en-el-board-de-mpi-colombia-2025-1.png\" \/><meta itemprop=\"width\" content=\"1920\" \/><meta itemprop=\"height\" content=\"1342\" \/><meta itemprop=\"interactionType\" content=\"https:\/\/schema.org\/CommentAction\" \/><meta itemprop=\"userInteractionCount\" content=\"0\" \/>\t\n\t\t\t<a href=\"https:\/\/desarrollo.guiods.com\/en\/guio-en-el-board-de-mpi-colombia-2025-liderazgo-e-innovacion\/\" title=\"GUIO on the board of MPI Colombia 2025: leadership and innovation\"><\/a>\n\t\t\t\t<img loading=\"lazy\" decoding=\"async\" src=\"https:\/\/desarrollo.guiods.com\/wp-content\/uploads\/bb-plugin\/cache\/guio-en-el-board-de-mpi-colombia-2025-1-1024x716-landscape-c8fe9431ced1a7eaa983ec574e0de424-.png\" alt=\"guio en el board de mpi colombia 2025\" itemprop=\"image\" data-no-lazy=\"1\" height=\"716\" width=\"1024\" title=\"guide on the board of mpi colombia 2025\" onerror=\"this.style.display='none'\"  \/>\n\t\t\t\t\t\t\t12\n\t\t\t\tSea\n\t\t\t\t\t\t\t<h3 itemprop=\"headline\">\n\t\t\t\t\t\t\t\t\t\t\tGUIO on the board of MPI Colombia 2025: leadership and innovation\t\t\t\t\t\t\t\t\t<\/h3>\n    At GUIO, innovation and leadership in the meetings and events industry are fundamental pillars of our work.....\n\t<meta itemscope itemprop=\"mainEntityOfPage\" itemtype=\"https:\/\/schema.org\/WebPage\" itemid=\"http:\/\/436\" content=\"Via Sumapaz: Fortalecimiento de la seguridad y movilidad vial\" \/><meta itemprop=\"datePublished\" content=\"2025-03-11\" \/><meta itemprop=\"dateModified\" content=\"2025-05-06\" \/><meta itemprop=\"name\" content=\"Guio\"\/><meta itemprop=\"url\" content=\"https:\/\/desarrollo.guiods.com\/wp-content\/uploads\/logo-guiods-blsnco.png\"\/><meta itemprop=\"url\" content=\"https:\/\/desarrollo.guiods.com\/author\/guio-stagingsites-app\/\" \/><meta itemprop=\"name\" content=\"guio.stagingsites.app\" \/><meta itemprop=\"url\" content=\"https:\/\/desarrollo.guiods.com\/wp-content\/uploads\/grua-y-trabajador-via-sumapaz.jpg\" \/><meta itemprop=\"width\" content=\"1920\" \/><meta itemprop=\"height\" content=\"1342\" \/><meta itemprop=\"interactionType\" content=\"https:\/\/schema.org\/CommentAction\" \/><meta itemprop=\"userInteractionCount\" content=\"0\" \/>\t\n\t\t\t<a href=\"https:\/\/desarrollo.guiods.com\/en\/fortalecimiento-de-la-seguridad-vial-y-movilidad-junto-a-via-sumapaz\/\" title=\"Via Sumapaz: Strengthening of road safety and mobility\"><\/a>\n\t\t\t\t<img loading=\"lazy\" decoding=\"async\" src=\"https:\/\/desarrollo.guiods.com\/wp-content\/uploads\/bb-plugin\/cache\/grua-y-trabajador-via-sumapaz-1024x716-landscape-398cac71c9a871cefd602e6bf9c32bcc-.jpg\" alt=\"grua y trabajador via sumapaz\" itemprop=\"image\" data-no-lazy=\"1\" height=\"716\" width=\"1024\" title=\"crane and worker via sumapaz\" onerror=\"this.style.display='none'\"  \/>\n\t\t\t\t\t\t\t11\n\t\t\t\tSea\n\t\t\t\t\t\t\t<h3 itemprop=\"headline\">\n\t\t\t\t\t\t\t\t\t\t\tVia Sumapaz: Strengthening of road safety and mobility\t\t\t\t\t\t\t\t\t<\/h3>\n    At GUIO, we reaffirm our commitment to road safety and mobility, strategically collaborating with V\u00eda Sumapaz in the execution of...\n\t<meta itemscope itemprop=\"mainEntityOfPage\" itemtype=\"https:\/\/schema.org\/WebPage\" itemid=\"http:\/\/412\" content=\"Innovaci\u00f3n y estrategia: lo que las marcas necesitan para evolucionar este a\u00f1o\" \/><meta itemprop=\"datePublished\" content=\"2025-03-10\" \/><meta itemprop=\"dateModified\" content=\"2025-05-06\" \/><meta itemprop=\"name\" content=\"Guio\"\/><meta itemprop=\"url\" content=\"https:\/\/desarrollo.guiods.com\/wp-content\/uploads\/logo-guiods-blsnco.png\"\/><meta itemprop=\"url\" content=\"https:\/\/desarrollo.guiods.com\/author\/guio-stagingsites-app\/\" \/><meta itemprop=\"name\" content=\"guio.stagingsites.app\" \/><meta itemprop=\"url\" content=\"https:\/\/desarrollo.guiods.com\/wp-content\/uploads\/innovacion-estrategia-y-marketing-tendencias-para-evolucionar.png\" \/><meta itemprop=\"width\" content=\"1920\" \/><meta itemprop=\"height\" content=\"1342\" \/><meta itemprop=\"interactionType\" content=\"https:\/\/schema.org\/CommentAction\" \/><meta itemprop=\"userInteractionCount\" content=\"0\" \/>\t\n\t\t\t<a href=\"https:\/\/desarrollo.guiods.com\/en\/innovacion-y-estrategia-lo-que-las-marcas-necesitan-para-evolucionar-este-ano\/\" title=\"Innovation and strategy: what brands need to evolve this year\"><\/a>\n\t\t\t\t<img loading=\"lazy\" decoding=\"async\" src=\"https:\/\/desarrollo.guiods.com\/wp-content\/uploads\/bb-plugin\/cache\/innovacion-estrategia-y-marketing-tendencias-para-evolucionar-1024x716-landscape-87bcbcee1e883374ad02148199baa6ac-.png\" alt=\"innovaci\u00f3n estrategia y marketing tendencias para evolucionar\" itemprop=\"image\" data-no-lazy=\"1\" height=\"716\" width=\"1024\" title=\"innovation strategy and marketing trends to evolve\" onerror=\"this.style.display='none'\"  \/>\n\t\t\t\t\t\t\t10\n\t\t\t\tSea\n\t\t\t\t\t\t\t<h3 itemprop=\"headline\">\n\t\t\t\t\t\t\t\t\t\t\tInnovation and strategy: what brands need to evolve this year\t\t\t\t\t\t\t\t\t<\/h3>\n    In a world where consumer attention is ephemeral and trends evolve at great speed, the brands that are most important are...\n\t\t<!-- .pp-content-posts -->","protected":false},"excerpt":{"rendered":"<p>Projects We transform ideas into projects that emotionally connect with audiences and generate high-impact experiences. Next Previous Services We offer a portfolio of solutions designed to guarantee comprehensive and effective results, adapting to the specific needs of each project. Our Team David Vargas Managing Partner Diego Pardo Managing Partner Tatiana Osorio Account Director...<\/p>","protected":false},"author":1,"featured_media":0,"parent":0,"menu_order":0,"comment_status":"closed","ping_status":"closed","template":"","meta":{"_acf_changed":false,"_seopress_robots_primary_cat":"","_seopress_titles_title":"","_seopress_titles_desc":"","_seopress_robots_index":"","_crdt_document":"","content-type":"","footnotes":""},"class_list":["post-2","page","type-page","status-publish","hentry"],"acf":[],"_links":{"self":[{"href":"https:\/\/desarrollo.guiods.com\/en\/wp-json\/wp\/v2\/pages\/2","targetHints":{"allow":["GET"]}}],"collection":[{"href":"https:\/\/desarrollo.guiods.com\/en\/wp-json\/wp\/v2\/pages"}],"about":[{"href":"https:\/\/desarrollo.guiods.com\/en\/wp-json\/wp\/v2\/types\/page"}],"author":[{"embeddable":true,"href":"https:\/\/desarrollo.guiods.com\/en\/wp-json\/wp\/v2\/users\/1"}],"replies":[{"embeddable":true,"href":"https:\/\/desarrollo.guiods.com\/en\/wp-json\/wp\/v2\/comments?post=2"}],"version-history":[{"count":6,"href":"https:\/\/desarrollo.guiods.com\/en\/wp-json\/wp\/v2\/pages\/2\/revisions"}],"predecessor-version":[{"id":2869,"href":"https:\/\/desarrollo.guiods.com\/en\/wp-json\/wp\/v2\/pages\/2\/revisions\/2869"}],"wp:attachment":[{"href":"https:\/\/desarrollo.guiods.com\/en\/wp-json\/wp\/v2\/media?parent=2"}],"curies":[{"name":"wp","href":"https:\/\/api.w.org\/{rel}","templated":true}]}}