{"id":2268,"date":"2025-03-27T21:16:12","date_gmt":"2025-03-27T20:16:12","guid":{"rendered":"https:\/\/desarrollo.guiods.com\/?page_id=2268"},"modified":"2025-05-06T20:55:14","modified_gmt":"2025-05-06T18:55:14","slug":"marketing-digital","status":"publish","type":"page","link":"https:\/\/desarrollo.guiods.com\/en\/servicios\/marketing-digital\/","title":{"rendered":"Digital Marketing"},"content":{"rendered":"<h2>\n\t\t\n\t<\/h2>\n\t\n\t\t<h3>Ready to learn more?<\/h3>\n\t\t<p>Contact us to find out how we can work together!<\/p>\n\t\t\t<a href=\"https:\/\/desarrollo.guiods.com\/en\/contacto\/\" target=\"_self\">\n\t\t\t\t\t\t\tTo make a consultancy\n\t\t\t\t\t<\/a>\n<h2>\n\t\tWhy Choose <br \/><stong>GUIO para este servicio.\n\t<\/stong><\/h2>\n\t\t\t\t\tCampa\u00f1as digitales\n\t\t+400\n\t\t\t\t\tRedes sociales gestionadas\n\t\t+115\n\t\t\t\t\tPiezas de contenido creadas\n\t\t\t\t\t+6,000\t\t\t\t\n\t\t\t\t\tAudiencias impactadas\n\t\t\t\t\t+5,000,000\t\t\t\t\n\t\t\t\t\t\t\tEstrategias SEO implementadas\n\t\t\t+200\n<h2>\n\t\tWhat do we offer?\n\t<\/h2>\n\t<p><strong>Your audience is our priority<\/strong>. We create each event with the following in mind <strong>memorable experiences<\/strong> that captivate and connect with your attendees, transforming every moment into something unforgettable.<\/p>\n\t\t\t\t<h2>What do we offer?<\/h2>\n\t\t\t<img decoding=\"async\" src=\"https:\/\/desarrollo.guiods.com\/wp-content\/uploads\/icono-gestion-de-redes-sociales.png\" alt=\"icono gestion de redes sociales\" \/>\n\t\t\t\t\t<p>We design digital strategies and<b> optimized content<\/b>\u00a0for <b>maximize online impact<\/b>.<\/p>\n\t\t\t\t\t\t\t\t\t<h3>Social network management<\/h3>\n\t\t\t<img decoding=\"async\" src=\"https:\/\/desarrollo.guiods.com\/wp-content\/uploads\/monitor_4553845-1.png\" alt=\"monitor_4553845 1\" \/>\n\t\t\t\t\t<p>We generate <b>strategic contents<\/b>\u00a0que fomentan y fortalecen la relaci\u00f3n con su p\u00fablico.<\/p>\n\t\t\t\t\t\t\t\t\t<h3>Content marketing<\/h3>\n\t\t\t<img decoding=\"async\" src=\"https:\/\/desarrollo.guiods.com\/wp-content\/uploads\/icono-analiticas.png\" alt=\"icono analiticas\" \/>\n\t\t\t\t\t<p>We evaluate each campaign with <b>accurate data<\/b>adjusting strategies to maximize the <b>performance<\/b> and the <b>ROI<\/b>.<\/p>\n\t\t\t\t\t\t\t\t\t<h3>Analytics and optimization<\/h3>\n\t\t\t<img decoding=\"async\" src=\"https:\/\/desarrollo.guiods.com\/wp-content\/uploads\/icono-planeacion-estrategica.png\" alt=\"icono planeaci\u00f3n estrat\u00e9gica\" \/>\n\t\t\t\t\t<p>We develop digital plans aligned with your <b>business objectives<\/b>ensuring a vision of the <b>long term<\/b>.<\/p>\n\t\t\t\t\t\t\t\t\t<h3>Strategic planning<\/h3>\n\t\t\t\t<!-- \/.pp-testimonials -->\n\tGet to know our projects and discover<br \/>\nthe way we make a difference.\n\t\t\t<a href=\"\" target=\"_self\">\n\t\t\t\t\t\t\tSEE OUR PROJECTS\n\t\t\t\t\t<\/a>","protected":false},"excerpt":{"rendered":"<p>\u00bfListo para saber m\u00e1s? \u00a1Cont\u00e1ctenos para saber c\u00f3mo podemos trabajar juntos! Hacer una asesor\u00eda Porqu\u00e9 Escoger a GUIO para este servicio. Campa\u00f1as digitales +400 Redes sociales gestionadas +115 Piezas de contenido creadas +6,000 Audiencias impactadas +5,000,000 Estrategias SEO implementadas +200 \u00bfQu\u00e9 ofrecemos? Su audiencia es nuestra prioridad. Creamos cada evento pensando en experiencias memorables que&hellip;<\/p>","protected":false},"author":2,"featured_media":2257,"parent":599,"menu_order":0,"comment_status":"closed","ping_status":"closed","template":"","meta":{"_acf_changed":false,"_seopress_robots_primary_cat":"","_seopress_titles_title":"","_seopress_titles_desc":"Ofrecemos una gesti\u00f3n integral para optimizar su presencia en l\u00ednea, desde la gesti\u00f3n de redes sociales, hasta estrategias de marketing de contenidos dise\u00f1adas para mantener el inter\u00e9s y la interacci\u00f3n.","_seopress_robots_index":"","_crdt_document":"","content-type":"","footnotes":""},"class_list":["post-2268","page","type-page","status-publish","has-post-thumbnail","hentry"],"acf":[],"_links":{"self":[{"href":"https:\/\/desarrollo.guiods.com\/en\/wp-json\/wp\/v2\/pages\/2268","targetHints":{"allow":["GET"]}}],"collection":[{"href":"https:\/\/desarrollo.guiods.com\/en\/wp-json\/wp\/v2\/pages"}],"about":[{"href":"https:\/\/desarrollo.guiods.com\/en\/wp-json\/wp\/v2\/types\/page"}],"author":[{"embeddable":true,"href":"https:\/\/desarrollo.guiods.com\/en\/wp-json\/wp\/v2\/users\/2"}],"replies":[{"embeddable":true,"href":"https:\/\/desarrollo.guiods.com\/en\/wp-json\/wp\/v2\/comments?post=2268"}],"version-history":[{"count":6,"href":"https:\/\/desarrollo.guiods.com\/en\/wp-json\/wp\/v2\/pages\/2268\/revisions"}],"predecessor-version":[{"id":2815,"href":"https:\/\/desarrollo.guiods.com\/en\/wp-json\/wp\/v2\/pages\/2268\/revisions\/2815"}],"up":[{"embeddable":true,"href":"https:\/\/desarrollo.guiods.com\/en\/wp-json\/wp\/v2\/pages\/599"}],"wp:featuredmedia":[{"embeddable":true,"href":"https:\/\/desarrollo.guiods.com\/en\/wp-json\/wp\/v2\/media\/2257"}],"wp:attachment":[{"href":"https:\/\/desarrollo.guiods.com\/en\/wp-json\/wp\/v2\/media?parent=2268"}],"curies":[{"name":"wp","href":"https:\/\/api.w.org\/{rel}","templated":true}]}}