{"id":721,"date":"2024-12-12T23:53:44","date_gmt":"2024-12-12T22:53:44","guid":{"rendered":"https:\/\/desarrollo.guiods.com\/?page_id=721"},"modified":"2025-05-06T20:44:52","modified_gmt":"2025-05-06T18:44:52","slug":"arquitectura-efimera","status":"publish","type":"page","link":"https:\/\/desarrollo.guiods.com\/en\/servicios\/arquitectura-efimera\/","title":{"rendered":"Ephemeral architecture"},"content":{"rendered":"","protected":false},"excerpt":{"rendered":"","protected":false},"author":1,"featured_media":2092,"parent":599,"menu_order":0,"comment_status":"closed","ping_status":"closed","template":"","meta":{"_acf_changed":false,"_seopress_robots_primary_cat":"","_seopress_titles_title":"","_seopress_titles_desc":"Descubra nuestro servicio integral de arquitectura ef\u00edmera, dise\u00f1ado para crear experiencias visuales y sensoriales inolvidables. Especializados en escenograf\u00edas, stands, se\u00f1al\u00e9tica y cerramientos, ofrecemos soluciones personalizadas que destacan su evento.","_seopress_robots_index":"","_crdt_document":"","content-type":"","footnotes":""},"class_list":["post-721","page","type-page","status-publish","has-post-thumbnail","hentry"],"acf":[],"_links":{"self":[{"href":"https:\/\/desarrollo.guiods.com\/en\/wp-json\/wp\/v2\/pages\/721","targetHints":{"allow":["GET"]}}],"collection":[{"href":"https:\/\/desarrollo.guiods.com\/en\/wp-json\/wp\/v2\/pages"}],"about":[{"href":"https:\/\/desarrollo.guiods.com\/en\/wp-json\/wp\/v2\/types\/page"}],"author":[{"embeddable":true,"href":"https:\/\/desarrollo.guiods.com\/en\/wp-json\/wp\/v2\/users\/1"}],"replies":[{"embeddable":true,"href":"https:\/\/desarrollo.guiods.com\/en\/wp-json\/wp\/v2\/comments?post=721"}],"version-history":[{"count":22,"href":"https:\/\/desarrollo.guiods.com\/en\/wp-json\/wp\/v2\/pages\/721\/revisions"}],"predecessor-version":[{"id":2812,"href":"https:\/\/desarrollo.guiods.com\/en\/wp-json\/wp\/v2\/pages\/721\/revisions\/2812"}],"up":[{"embeddable":true,"href":"https:\/\/desarrollo.guiods.com\/en\/wp-json\/wp\/v2\/pages\/599"}],"wp:featuredmedia":[{"embeddable":true,"href":"https:\/\/desarrollo.guiods.com\/en\/wp-json\/wp\/v2\/media\/2092"}],"wp:attachment":[{"href":"https:\/\/desarrollo.guiods.com\/en\/wp-json\/wp\/v2\/media?parent=721"}],"curies":[{"name":"wp","href":"https:\/\/api.w.org\/{rel}","templated":true}]}}